{"id":573,"date":"2019-01-28T15:34:01","date_gmt":"2019-01-28T14:34:01","guid":{"rendered":"https:\/\/anterenn.com\/?page_id=573"},"modified":"2019-08-11T12:33:27","modified_gmt":"2019-08-11T10:33:27","slug":"maille-irlandaise-westend-knitwear","status":"publish","type":"page","link":"https:\/\/anterenn.com\/index.php\/maille-irlandaise-westend-knitwear\/","title":{"rendered":"Pulls irlandais Aran Crafts"},"content":{"rendered":"\t\t<div data-elementor-type=\"wp-page\" data-elementor-id=\"573\" class=\"elementor elementor-573 elementor-bc-flex-widget\">\n\t\t\t\t\t\t<section class=\"elementor-section elementor-top-section elementor-element elementor-element-eae0a01 elementor-section-boxed elementor-section-height-default elementor-section-height-default\" data-id=\"eae0a01\" data-element_type=\"section\" data-e-type=\"section\">\n\t\t\t\t\t\t<div class=\"elementor-container elementor-column-gap-default\">\n\t\t\t\t\t<div class=\"elementor-column elementor-col-100 elementor-top-column elementor-element elementor-element-addf7ff\" data-id=\"addf7ff\" data-element_type=\"column\" data-e-type=\"column\">\n\t\t\t<div class=\"elementor-widget-wrap elementor-element-populated\">\n\t\t\t\t\t\t<div class=\"elementor-element elementor-element-31166ce elementor-widget elementor-widget-image\" data-id=\"31166ce\" data-element_type=\"widget\" data-e-type=\"widget\" data-widget_type=\"image.default\">\n\t\t\t\t<div class=\"elementor-widget-container\">\n\t\t\t\t\t\t\t\t\t\t\t\t\t\t\t<img decoding=\"async\" width=\"525\" height=\"80\" src=\"https:\/\/anterenn.com\/wp-content\/uploads\/2018\/07\/Logo-Westend-768x117.jpg\" class=\"attachment-medium_large size-medium_large wp-image-58\" alt=\"\" srcset=\"https:\/\/anterenn.com\/wp-content\/uploads\/2018\/07\/Logo-Westend-768x117.jpg 768w, https:\/\/anterenn.com\/wp-content\/uploads\/2018\/07\/Logo-Westend-300x46.jpg 300w, https:\/\/anterenn.com\/wp-content\/uploads\/2018\/07\/Logo-Westend.jpg 797w\" sizes=\"100vw\" \/>\t\t\t\t\t\t\t\t\t\t\t\t\t\t\t<\/div>\n\t\t\t\t<\/div>\n\t\t\t\t\t<\/div>\n\t\t<\/div>\n\t\t\t\t\t<\/div>\n\t\t<\/section>\n\t\t\t\t<section class=\"elementor-section elementor-top-section elementor-element elementor-element-20ac972 elementor-section-boxed elementor-section-height-default elementor-section-height-default\" data-id=\"20ac972\" data-element_type=\"section\" data-e-type=\"section\">\n\t\t\t\t\t\t<div class=\"elementor-container elementor-column-gap-default\">\n\t\t\t\t\t<div class=\"elementor-column elementor-col-100 elementor-top-column elementor-element elementor-element-1054718\" data-id=\"1054718\" data-element_type=\"column\" data-e-type=\"column\">\n\t\t\t<div class=\"elementor-widget-wrap elementor-element-populated\">\n\t\t\t\t\t\t<div class=\"elementor-element elementor-element-09a5a73 elementor-drop-cap-yes elementor-drop-cap-view-default elementor-widget elementor-widget-text-editor\" data-id=\"09a5a73\" data-element_type=\"widget\" data-e-type=\"widget\" data-settings=\"{&quot;drop_cap&quot;:&quot;yes&quot;}\" data-widget_type=\"text-editor.default\">\n\t\t\t\t<div class=\"elementor-widget-container\">\n\t\t\t\t\t\t\t\t\t<p>Cr\u00e9\u00e9 dans le Comt\u00e9 Kildare en 1957 par Molly Cullen, Westend knitwear est devenu le plus important fabricant de pulls en Irlande. C\u2019est le plus grand producteur de pulls Aran dans le monde.<br \/>Fi\u00e8re de ses racines, la famille Cullen continue \u00e0 tricoter des pull irlandais traditionnels en pure laine vierge ou laine m\u00e9rinos. Chaque collection propose aussi des mod\u00e8les plus modernes adapt\u00e9s \u00e0 la vie actuelle.<br \/>Chaque pull, veste, ou manteau Aran Crafts, est ainsi constitu\u00e9 de mailles irlandaises issues de l\u2019h\u00e9ritage celte.<br \/>La beaut\u00e9 sauvage des paysages irlandais se retrouve dans les couleurs : les verts des prairies et des collines, les bleus et gris des lacs et de la mer, les tons chauds d\u2019un feu de tourbe\u2026<\/p><p>West End Knitwear est r\u00e9put\u00e9 pour son stock service et ses livraisons rapides.<\/p>\t\t\t\t\t\t\t\t<\/div>\n\t\t\t\t<\/div>\n\t\t\t\t\t<\/div>\n\t\t<\/div>\n\t\t\t\t\t<\/div>\n\t\t<\/section>\n\t\t\t\t<section class=\"elementor-section elementor-top-section elementor-element elementor-element-2f3203a elementor-section-boxed elementor-section-height-default elementor-section-height-default\" data-id=\"2f3203a\" data-element_type=\"section\" data-e-type=\"section\">\n\t\t\t\t\t\t<div class=\"elementor-container elementor-column-gap-default\">\n\t\t\t\t\t<div class=\"elementor-column elementor-col-100 elementor-top-column elementor-element elementor-element-85f3ec3\" data-id=\"85f3ec3\" data-element_type=\"column\" data-e-type=\"column\">\n\t\t\t<div class=\"elementor-widget-wrap elementor-element-populated\">\n\t\t\t\t\t\t<div class=\"elementor-element elementor-element-ec191d2 elementor-widget elementor-widget-shortcode\" data-id=\"ec191d2\" data-element_type=\"widget\" data-e-type=\"widget\" data-widget_type=\"shortcode.default\">\n\t\t\t\t<div class=\"elementor-widget-container\">\n\t\t\t\t\t\t\t<div class=\"elementor-shortcode\"><div class=\"slider-wrapper theme-light\"><div class=\"ribbon\"><\/div><div id=\"nivoslider-s7Uhc-73\" class=\"nivoSlider\" style=\"width:450px;height:600px;\"><img decoding=\"async\" src=\"https:\/\/anterenn.com\/wp-content\/uploads\/2023\/04\/N101-Plum-2-450x600.jpg\" title=\"#nivoslider-s7Uhc-73-caption-0\" alt=\"poncho violet en laine\" \/><img decoding=\"async\" src=\"https:\/\/anterenn.com\/wp-content\/uploads\/2018\/07\/veste-homme-torsad\u00e9e-pull-irlandais-anterenn-vente-en-gros-veste-laine-grosse-maille.jpg\" title=\"#nivoslider-s7Uhc-73-caption-1\" alt=\"\" \/><img decoding=\"async\" src=\"https:\/\/anterenn.com\/wp-content\/uploads\/2020\/08\/Cardigan-bleu-laine-aran-irlandais-merinos-anterenn-aran-crafts-450x600.jpg\" title=\"#nivoslider-s7Uhc-73-caption-2\" alt=\"veste bleue\" \/><img decoding=\"async\" src=\"https:\/\/anterenn.com\/wp-content\/uploads\/2018\/07\/pull-irlandais-anterenn-vente-en-gros-aran-crafts-laine-pull-bleu.jpg\" title=\"#nivoslider-s7Uhc-73-caption-3\" alt=\"Pull irlandais bleu\" \/><img decoding=\"async\" src=\"https:\/\/anterenn.com\/wp-content\/uploads\/2023\/04\/HD5001-Oatmeal-Nep-450x600.jpg\" title=\"#nivoslider-s7Uhc-73-caption-4\" alt=\"cardigan en laine beige\" \/><img decoding=\"async\" src=\"https:\/\/anterenn.com\/wp-content\/uploads\/2018\/07\/pull-irlandais-enfant-anterenn-vente-en-gros-poncho-fille-pull-\u00e9cru-en-laine.jpg\" title=\"#nivoslider-s7Uhc-73-caption-5\" alt=\"poncho et pull en laine \u00e9crue pour enfant\" \/><img decoding=\"async\" src=\"https:\/\/anterenn.com\/wp-content\/uploads\/2018\/07\/poncho-irlandais-anterenn-vente-en-gros-pull-irlandais-poncho-laine-femme-poncho-gris.jpg\" title=\"#nivoslider-s7Uhc-73-caption-6\" alt=\"\" \/><img decoding=\"async\" src=\"https:\/\/anterenn.com\/wp-content\/uploads\/2018\/07\/pull-homme-laine-donegal-laine-tweed\u00e9e-pull-irlandais-anterenn-grossiste-pull-camionneur.jpg\" title=\"#nivoslider-s7Uhc-73-caption-7\" alt=\"\" \/><img decoding=\"async\" src=\"https:\/\/anterenn.com\/wp-content\/uploads\/2018\/07\/Bonnet-pompon-bonnet-torsad\u00e9-anterenn-pull-irlandais-grossiste-\u00e9charpe-pompon-450x600.jpg\" title=\"#nivoslider-s7Uhc-73-caption-8\" alt=\"Bonnet pompon irlandais\" \/><img decoding=\"async\" src=\"https:\/\/anterenn.com\/wp-content\/uploads\/2019\/08\/veste-longue-torsad\u00e9e-anterenn-pull-irlandais-veste-laine-grosse-maille-mode-femme-450x600.jpg\" alt=\"Veste irlandaise pour femme\" \/><\/div><\/div><div id=\"nivoslider-s7Uhc-73-caption-0\" class=\"nivo-html-caption\">poncho violet en laine<\/div><div id=\"nivoslider-s7Uhc-73-caption-1\" class=\"nivo-html-caption\">Veste homme col ch\u00e2le<\/div><div id=\"nivoslider-s7Uhc-73-caption-2\" class=\"nivo-html-caption\">Veste irlandaise bleue en pure laine<\/div><div id=\"nivoslider-s7Uhc-73-caption-3\" class=\"nivo-html-caption\">Pull irlandais bleu denim<\/div><div id=\"nivoslider-s7Uhc-73-caption-4\" class=\"nivo-html-caption\">cardigan en laine beige<\/div><div id=\"nivoslider-s7Uhc-73-caption-5\" class=\"nivo-html-caption\">Pull irlandais et poncho pour enfant<\/div><div id=\"nivoslider-s7Uhc-73-caption-6\" class=\"nivo-html-caption\">Poncho femme torsad\u00e9<\/div><div id=\"nivoslider-s7Uhc-73-caption-7\" class=\"nivo-html-caption\">Pull camionneur en grosse maille<\/div><div id=\"nivoslider-s7Uhc-73-caption-8\" class=\"nivo-html-caption\">Bonnet et \u00e9charpe pompon<\/div><script type=\"text\/javascript\">\nwindow.onload = function(){\n    jQuery(\"#nivoslider-s7Uhc-73\").nivoSlider({\n        effect:\"fade\",\n        slices:10,\n        boxCols:8,\n        boxRows:4,\n        animSpeed:2000,\n        pauseTime:3000,\n        startSlide:1,\n        directionNav:false,\n        controlNav:false,\n        controlNavThumbs:false,\n        pauseOnHover:true,\n        manualAdvance:false\n    });\n};\n<\/script>\n<\/div>\n\t\t\t\t\t\t<\/div>\n\t\t\t\t<\/div>\n\t\t\t\t\t<\/div>\n\t\t<\/div>\n\t\t\t\t\t<\/div>\n\t\t<\/section>\n\t\t\t\t<\/div>\n\t\t","protected":false},"excerpt":{"rendered":"<p>Cr\u00e9\u00e9 dans le Comt\u00e9 Kildare en 1957 par Molly Cullen, Westend knitwear est devenu le plus important fabricant de pulls en Irlande. C\u2019est le plus grand producteur de pulls Aran dans le monde. Fi\u00e8re de ses racines, la famille Cullen continue \u00e0 tricoter des pull irlandais traditionnels en pure laine vierge ou laine m\u00e9rinos. Chaque &hellip; <\/p>\n<p class=\"link-more\"><a href=\"https:\/\/anterenn.com\/index.php\/maille-irlandaise-westend-knitwear\/\" class=\"more-link\">Continuer la lecture<span class=\"screen-reader-text\"> de &laquo;&nbsp;Pulls irlandais Aran Crafts&nbsp;&raquo;<\/span><\/a><\/p>\n","protected":false},"author":1,"featured_media":0,"parent":0,"menu_order":0,"comment_status":"closed","ping_status":"closed","template":"","meta":{"footnotes":""},"class_list":["post-573","page","type-page","status-publish","hentry"],"_links":{"self":[{"href":"https:\/\/anterenn.com\/index.php\/wp-json\/wp\/v2\/pages\/573","targetHints":{"allow":["GET"]}}],"collection":[{"href":"https:\/\/anterenn.com\/index.php\/wp-json\/wp\/v2\/pages"}],"about":[{"href":"https:\/\/anterenn.com\/index.php\/wp-json\/wp\/v2\/types\/page"}],"author":[{"embeddable":true,"href":"https:\/\/anterenn.com\/index.php\/wp-json\/wp\/v2\/users\/1"}],"replies":[{"embeddable":true,"href":"https:\/\/anterenn.com\/index.php\/wp-json\/wp\/v2\/comments?post=573"}],"version-history":[{"count":15,"href":"https:\/\/anterenn.com\/index.php\/wp-json\/wp\/v2\/pages\/573\/revisions"}],"predecessor-version":[{"id":10113,"href":"https:\/\/anterenn.com\/index.php\/wp-json\/wp\/v2\/pages\/573\/revisions\/10113"}],"wp:attachment":[{"href":"https:\/\/anterenn.com\/index.php\/wp-json\/wp\/v2\/media?parent=573"}],"curies":[{"name":"wp","href":"https:\/\/api.w.org\/{rel}","templated":true}]}}