{"id":149,"date":"2018-08-03T12:27:30","date_gmt":"2018-08-03T10:27:30","guid":{"rendered":"http:\/\/anterenn.com\/?page_id=149"},"modified":"2021-08-16T15:53:55","modified_gmt":"2021-08-16T13:53:55","slug":"duffle-coats","status":"publish","type":"page","link":"https:\/\/anterenn.com\/index.php\/collections\/duffle-coats\/","title":{"rendered":"Duffle-coats anglais v\u00e9ritables"},"content":{"rendered":"<p><a href=\"https:\/\/www.londontradition.com\/\" target=\"_blank\" rel=\"noopener noreferrer\"><img decoding=\"async\" class=\"alignnone size-medium wp-image-150 aligncenter\" src=\"http:\/\/anterenn.com\/wp-content\/uploads\/2018\/08\/Logo-London-Tradition-300x145.gif\" alt=\"\" width=\"300\" height=\"145\" \/><\/a><\/p>\n<p><span style=\"font-family: Georgia, serif;\">Incontournable dans le style British, le duffle-coat. Nous avons choisi de collaborer avec London Tradition, un des fabricants anglais les plus importants, sp\u00e9cialis\u00e9 en v\u00eatements de plein air traditionnels.<\/span><\/p>\n<p><span style=\"font-family: Georgia, serif;\">London tradition a acquis une solide r\u00e9putation gr\u00e2ce \u00e0 la qualit\u00e9 de ses produits et a remport\u00e9 le \u00ab Queen\u2019s award for international trade \u00bb en 2020 pour la deuxi\u00e8me fois.<\/span><\/p>\n<p><span style=\"font-family: Georgia, serif;\">Chaque duffle-coat est fabriqu\u00e9 dans leur atelier londonien selon les demandes des clients mais toujours avec des mat\u00e9riaux rigoureusement s\u00e9lectionn\u00e9s et une exigence de finitions parfaites.<\/span><\/p>\n<p style=\"text-align: center;\"><div class=\"slider-wrapper theme-light controlnav-thumbs\"><div class=\"ribbon\"><\/div><div id=\"nivoslider-C4cGn-152\" class=\"nivoSlider\"><img decoding=\"async\" src=\"https:\/\/anterenn.com\/wp-content\/uploads\/2018\/08\/Duffle-coat-London-Tradition-1.jpg\" title=\"#nivoslider-C4cGn-152-caption-0\" data-thumb=\"https:\/\/anterenn.com\/wp-content\/uploads\/2018\/08\/Duffle-coat-London-Tradition-1-150x150.jpg\" alt=\"Duffle-coat et caban anglais\" \/><img decoding=\"async\" src=\"https:\/\/anterenn.com\/wp-content\/uploads\/2018\/08\/Erica-Camel.jpg\" title=\"#nivoslider-C4cGn-152-caption-1\" data-thumb=\"https:\/\/anterenn.com\/wp-content\/uploads\/2018\/08\/Erica-Camel-150x150.jpg\" alt=\"\" \/><img decoding=\"async\" src=\"https:\/\/anterenn.com\/wp-content\/uploads\/2018\/08\/Duffle-coat-London-tradition.jpg\" title=\"#nivoslider-C4cGn-152-caption-2\" data-thumb=\"https:\/\/anterenn.com\/wp-content\/uploads\/2018\/08\/Duffle-coat-London-tradition-150x150.jpg\" alt=\"duffle coat femme et homme\" \/><img decoding=\"async\" src=\"https:\/\/anterenn.com\/wp-content\/uploads\/2018\/08\/Queens-award-1.jpg\" title=\"#nivoslider-C4cGn-152-caption-3\" data-thumb=\"https:\/\/anterenn.com\/wp-content\/uploads\/2018\/08\/Queens-award-1-150x150.jpg\" alt=\"\" \/><\/div><\/div><style type='text\/css' media='screen'> \n.theme-default .nivo-controlNav.nivo-thumbs-enabled img, \n.nivo-thumbs-enabled img { \n\twidth: 70px !important; \n\theight: 50px !important; \n} \n<\/style> \n<div id=\"nivoslider-C4cGn-152-caption-0\" class=\"nivo-html-caption\">Duffle-coat London tradition 1<\/div><div id=\"nivoslider-C4cGn-152-caption-1\" class=\"nivo-html-caption\">duffle coat Camel<\/div><div id=\"nivoslider-C4cGn-152-caption-2\" class=\"nivo-html-caption\">Duffle-coat London tradition<\/div><div id=\"nivoslider-C4cGn-152-caption-3\" class=\"nivo-html-caption\">Queen&rsquo;s award<\/div><script type=\"text\/javascript\">\nwindow.onload = function(){\n    jQuery(\"#nivoslider-C4cGn-152\").nivoSlider({\n        effect:\"slideInRight\",\n        slices:10,\n        boxCols:8,\n        boxRows:4,\n        animSpeed:1000,\n        pauseTime:3000,\n        startSlide:1,\n        directionNav:true,\n        controlNav:true,\n        controlNavThumbs:true,\n        pauseOnHover:true,\n        manualAdvance:false\n    });\n};\n<\/script>\n<\/p>\n","protected":false},"excerpt":{"rendered":"<p>Incontournable dans le style British, le duffle-coat. Nous avons choisi de collaborer avec London Tradition, un des fabricants anglais les plus importants, sp\u00e9cialis\u00e9 en v\u00eatements de plein air traditionnels. London tradition a acquis une solide r\u00e9putation gr\u00e2ce \u00e0 la qualit\u00e9 de ses produits et a remport\u00e9 le \u00ab Queen\u2019s award for international trade \u00bb en &hellip; <\/p>\n<p class=\"link-more\"><a href=\"https:\/\/anterenn.com\/index.php\/collections\/duffle-coats\/\" class=\"more-link\">Continuer la lecture<span class=\"screen-reader-text\"> de &laquo;&nbsp;Duffle-coats anglais v\u00e9ritables&nbsp;&raquo;<\/span><\/a><\/p>\n","protected":false},"author":1,"featured_media":0,"parent":50,"menu_order":3,"comment_status":"closed","ping_status":"closed","template":"","meta":{"footnotes":""},"class_list":["post-149","page","type-page","status-publish","hentry"],"_links":{"self":[{"href":"https:\/\/anterenn.com\/index.php\/wp-json\/wp\/v2\/pages\/149","targetHints":{"allow":["GET"]}}],"collection":[{"href":"https:\/\/anterenn.com\/index.php\/wp-json\/wp\/v2\/pages"}],"about":[{"href":"https:\/\/anterenn.com\/index.php\/wp-json\/wp\/v2\/types\/page"}],"author":[{"embeddable":true,"href":"https:\/\/anterenn.com\/index.php\/wp-json\/wp\/v2\/users\/1"}],"replies":[{"embeddable":true,"href":"https:\/\/anterenn.com\/index.php\/wp-json\/wp\/v2\/comments?post=149"}],"version-history":[{"count":6,"href":"https:\/\/anterenn.com\/index.php\/wp-json\/wp\/v2\/pages\/149\/revisions"}],"predecessor-version":[{"id":11447,"href":"https:\/\/anterenn.com\/index.php\/wp-json\/wp\/v2\/pages\/149\/revisions\/11447"}],"up":[{"embeddable":true,"href":"https:\/\/anterenn.com\/index.php\/wp-json\/wp\/v2\/pages\/50"}],"wp:attachment":[{"href":"https:\/\/anterenn.com\/index.php\/wp-json\/wp\/v2\/media?parent=149"}],"curies":[{"name":"wp","href":"https:\/\/api.w.org\/{rel}","templated":true}]}}