{"id":101,"date":"2018-07-31T18:45:56","date_gmt":"2018-07-31T16:45:56","guid":{"rendered":"http:\/\/anterenn.com\/?page_id=101"},"modified":"2024-06-30T18:48:29","modified_gmt":"2024-06-30T16:48:29","slug":"maille-irlandaise-irelands-eye","status":"publish","type":"page","link":"https:\/\/anterenn.com\/index.php\/maille-irlandaise-irelands-eye\/","title":{"rendered":"Pulls irlandais IrelandsEye"},"content":{"rendered":"\t\t<div data-elementor-type=\"wp-page\" data-elementor-id=\"101\" class=\"elementor elementor-101\">\n\t\t\t\t\t\t<section class=\"elementor-section elementor-top-section elementor-element elementor-element-292ef7af elementor-section-boxed elementor-section-height-default elementor-section-height-default\" data-id=\"292ef7af\" data-element_type=\"section\" data-e-type=\"section\">\n\t\t\t\t\t\t<div class=\"elementor-container elementor-column-gap-default\">\n\t\t\t\t\t<div class=\"elementor-column elementor-col-100 elementor-top-column elementor-element elementor-element-68b811f2\" data-id=\"68b811f2\" data-element_type=\"column\" data-e-type=\"column\">\n\t\t\t<div class=\"elementor-widget-wrap elementor-element-populated\">\n\t\t\t\t\t\t<div class=\"elementor-element elementor-element-50e53d23 elementor-widget elementor-widget-text-editor\" data-id=\"50e53d23\" data-element_type=\"widget\" data-e-type=\"widget\" data-widget_type=\"text-editor.default\">\n\t\t\t\t<div class=\"elementor-widget-container\">\n\t\t\t\t\t\t\t\t\t<p><img decoding=\"async\" class=\"alignnone size-medium wp-image-1110\" src=\"https:\/\/anterenn.com\/wp-content\/uploads\/2019\/06\/IE_Brandmark-Grey-300x124.jpg\" alt=\"\" width=\"300\" height=\"124\" \/><\/p><p><span style=\"font-family: Georgia, serif;\">IrelandsEye Knitwear est une entreprise familiale Dublinoise qui a su s\u2019imposer comme une marque internationale dans le domaine du tricot.<br \/>Fort du savoir-faire de ses talentueux designers, inspir\u00e9s directement des couleurs et de la puissance des vents c\u00f4tiers de l\u2019\u00eele d\u2019Irelands Eye, la maison O\u2019Sullivan fait du tricot un hymne.<br \/>Le style classique du pull Irlandais compos\u00e9 de laine chaude ou de cachemire est revisit\u00e9 avec go\u00fbt pour lui apporter une touche contemporaine et s\u2019adapter aux milieux naturels mais aussi urbains,\u00a0\u00e9quation parfaite entre style et praticit\u00e9. <\/span><\/p><p style=\"text-align: center;\">\u00a0<\/p><p style=\"text-align: center;\"><a href=\"https:\/\/anterenn.com\/wp-content\/uploads\/2018\/11\/2018-Brochure-Irelands-Eye-Knitwear.pdf\"><span style=\"font-family: Georgia, serif;\">\u00a0<\/span><\/a><\/p>\t\t\t\t\t\t\t\t<\/div>\n\t\t\t\t<\/div>\n\t\t\t\t\t<\/div>\n\t\t<\/div>\n\t\t\t\t\t<\/div>\n\t\t<\/section>\n\t\t\t\t<\/div>\n\t\t","protected":false},"excerpt":{"rendered":"<p>IrelandsEye Knitwear est une entreprise familiale Dublinoise qui a su s\u2019imposer comme une marque internationale dans le domaine du tricot.Fort du savoir-faire de ses talentueux designers, inspir\u00e9s directement des couleurs et de la puissance des vents c\u00f4tiers de l\u2019\u00eele d\u2019Irelands Eye, la maison O\u2019Sullivan fait du tricot un hymne.Le style classique du pull Irlandais compos\u00e9 &hellip; <\/p>\n<p class=\"link-more\"><a href=\"https:\/\/anterenn.com\/index.php\/maille-irlandaise-irelands-eye\/\" class=\"more-link\">Continuer la lecture<span class=\"screen-reader-text\"> de &laquo;&nbsp;Pulls irlandais IrelandsEye&nbsp;&raquo;<\/span><\/a><\/p>\n","protected":false},"author":1,"featured_media":0,"parent":0,"menu_order":0,"comment_status":"closed","ping_status":"closed","template":"","meta":{"footnotes":""},"class_list":["post-101","page","type-page","status-publish","hentry"],"_links":{"self":[{"href":"https:\/\/anterenn.com\/index.php\/wp-json\/wp\/v2\/pages\/101","targetHints":{"allow":["GET"]}}],"collection":[{"href":"https:\/\/anterenn.com\/index.php\/wp-json\/wp\/v2\/pages"}],"about":[{"href":"https:\/\/anterenn.com\/index.php\/wp-json\/wp\/v2\/types\/page"}],"author":[{"embeddable":true,"href":"https:\/\/anterenn.com\/index.php\/wp-json\/wp\/v2\/users\/1"}],"replies":[{"embeddable":true,"href":"https:\/\/anterenn.com\/index.php\/wp-json\/wp\/v2\/comments?post=101"}],"version-history":[{"count":38,"href":"https:\/\/anterenn.com\/index.php\/wp-json\/wp\/v2\/pages\/101\/revisions"}],"predecessor-version":[{"id":23038,"href":"https:\/\/anterenn.com\/index.php\/wp-json\/wp\/v2\/pages\/101\/revisions\/23038"}],"wp:attachment":[{"href":"https:\/\/anterenn.com\/index.php\/wp-json\/wp\/v2\/media?parent=101"}],"curies":[{"name":"wp","href":"https:\/\/api.w.org\/{rel}","templated":true}]}}