{"id":10,"date":"2018-07-31T11:05:51","date_gmt":"2018-07-31T09:05:51","guid":{"rendered":"http:\/\/anterenn.com\/?page_id=10"},"modified":"2024-07-29T12:28:56","modified_gmt":"2024-07-29T10:28:56","slug":"accueil","status":"publish","type":"page","link":"https:\/\/anterenn.com\/","title":{"rendered":"Accueil"},"content":{"rendered":"<p style=\"text-align: center;\">Vente en gros de pulls Irlandais et v\u00eatements Britanniques&#8230;<br \/>\n<img decoding=\"async\" src=\"https:\/\/anterenn.com\/wp-content\/uploads\/2018\/07\/Logo-Anterenn-300x120.png\" alt=\"\" width=\"300\" height=\"120\" \/><i>\u00a0 <\/i><\/p>\n<p><i>Sp\u00e9cialis\u00e9e en pulls irlandais v\u00e9ritables et maille en pure laine, Anterenn<\/i> est une agence commerciale familiale situ\u00e9e en Bretagne sur la c\u00f4te des l\u00e9gendes.<\/p>\n<p>Depuis 2007 nous repr\u00e9sentons des ateliers de confection et de tricotage Irlandais, \u00c9cossais et Britanniques sur le territoire fran\u00e7ais.<\/p>\n<p>Nous mettons au service de nos clients notre exp\u00e9rience et nos comp\u00e9tences textiles en s\u00e9lectionnant des fabricants renomm\u00e9s pour leur qualit\u00e9, leur fiabilit\u00e9 et leur rapidit\u00e9 de livraison.<\/p>\n<p>Les produits (pulls irlandais traditionnels ou contemporains, cardigans, bonnets, \u00e9charpes, plaids en laine, cachemire et autres mati\u00e8res naturelles, duffle-coats, accessoires&#8230;) sont vendus par le biais de <a href=\"https:\/\/anterenn.com\/index.php\/points-de-vente\/\" rel=\"noopener\">boutiques multi-marques.<\/a><\/p>\n<hr \/>\n<p><a href=\"https:\/\/anterenn.com\/index.php\/maille-irlandaise-irelands-eye\/\"><img decoding=\"async\" class=\"alignleft\" src=\"https:\/\/anterenn.com\/wp-content\/uploads\/2019\/06\/IE_Brandmark-Grey-300x124.jpg\" alt=\"IrelandsEye\" width=\"300\" height=\"124\" \/><img fetchpriority=\"high\" decoding=\"async\" class=\"alignnone size-medium wp-image-23018\" src=\"https:\/\/anterenn.com\/wp-content\/uploads\/2024\/06\/Pull-irlandais-anterenn-merinos-IrelandsEye-laine-251x300.jpg\" alt=\"Pull en laine rose pour femme et pull gris pour homme\" width=\"251\" height=\"300\" srcset=\"https:\/\/anterenn.com\/wp-content\/uploads\/2024\/06\/Pull-irlandais-anterenn-merinos-IrelandsEye-laine-251x300.jpg 251w, https:\/\/anterenn.com\/wp-content\/uploads\/2024\/06\/Pull-irlandais-anterenn-merinos-IrelandsEye-laine-856x1024.jpg 856w, https:\/\/anterenn.com\/wp-content\/uploads\/2024\/06\/Pull-irlandais-anterenn-merinos-IrelandsEye-laine-768x919.jpg 768w, https:\/\/anterenn.com\/wp-content\/uploads\/2024\/06\/Pull-irlandais-anterenn-merinos-IrelandsEye-laine.jpg 1170w\" sizes=\"(max-width: 251px) 100vw, 251px\" \/><\/a><\/p>\n<p><i>IrelandsEye Knitwear<\/i> est une entreprise familiale Dublinoise qui a su s\u2019imposer comme une marque internationale dans le domaine du tricot.<br \/>\nFort du savoir-faire de ses talentueux designers, inspir\u00e9s directement des couleurs et de la puissance des vents c\u00f4tiers de l\u2019\u00eele d\u2019Irelands Eye, la maison O\u2019Sullivan fait du tricot un hymne.<br \/>\nLe style classique du pull Irlandais compos\u00e9 de laine chaude ou de cachemire est revisit\u00e9 avec go\u00fbt pour lui apporter une touche contemporaine et s\u2019adapter aux milieux naturels mais aussi urbains,\u00a0\u00e9quation parfaite entre style et praticit\u00e9.<\/p>\n<hr \/>\n<p><img loading=\"lazy\" decoding=\"async\" class=\"alignleft\" src=\"https:\/\/anterenn.com\/wp-content\/uploads\/2021\/04\/Logo-Aran-Crafts-1.jpg\" alt=\"Aran Crafts logo\" width=\"288\" height=\"130\" \/><\/p>\n<p><a href=\"https:\/\/anterenn.com\/index.php\/collections\/maille-irlandaise-westend-knitwear\/\"><img loading=\"lazy\" decoding=\"async\" src=\"https:\/\/anterenn.com\/wp-content\/uploads\/2018\/09\/2-pull-irlandais-anterenn-aran-crafts-laine-1-300x225.jpg\" alt=\"\" width=\"300\" height=\"225\" \/><\/a><\/p>\n<p>Cr\u00e9\u00e9 dans\u00a0le Comt\u00e9 Kildare en 1957 par Molly Cullen, <i>Westend knitwear<\/i> est devenu le plus important fabricant de pulls en Irlande, et le plus grand producteur de pulls Aran dans le monde.<br \/>\nFi\u00e8re de ses racines, la famille Cullen continue \u00e0 tricoter des pull irlandais traditionnels en pure laine vierge ou laine m\u00e9rinos mais aussi des mod\u00e8les plus modernes adapt\u00e9s \u00e0 la vie actuelle.<br \/>\nChaque pull, veste, ou manteau, est ainsi constitu\u00e9 de mailles irlandaises issues de l\u2019h\u00e9ritage celte.<br \/>\nLa beaut\u00e9 sauvage des paysages irlandais se retrouve dans les couleurs : les verts des prairies et des collines, les bleus et gris des lacs et de la mer, les tons chauds d\u2019un feu de tourbe\u2026<\/p>\n<p><em>West End Knitwear<\/em> est r\u00e9put\u00e9 pour son stock service et ses livraisons rapides.<\/p>\n<hr \/>\n<p><a href=\"https:\/\/anterenn.com\/index.php\/collections\/duffle-coats\/\"><img loading=\"lazy\" decoding=\"async\" src=\"https:\/\/anterenn.com\/wp-content\/uploads\/2018\/08\/Logo-London-Tradition-300x145.gif\" alt=\"\" width=\"300\" height=\"145\" \/><\/a><a href=\"https:\/\/anterenn.com\/index.php\/collections\/duffle-coats\/\"><img loading=\"lazy\" decoding=\"async\" src=\"https:\/\/anterenn.com\/wp-content\/uploads\/2018\/09\/3-duffle-coat-london-tradition-anterenn-300x208.jpg\" alt=\"\" width=\"300\" height=\"208\" \/><\/a><\/p>\n<p>Incontournable dans le style British, le duffle-coat. Nous avons choisi de collaborer avec <i>London Tradition<\/i>, un des fabricants anglais les plus importants, sp\u00e9cialis\u00e9 en v\u00eatements de plein air traditionnels.<\/p>\n<p>London tradition a acquis une solide r\u00e9putation gr\u00e2ce \u00e0 la qualit\u00e9 de ses produits et a remport\u00e9 le \u00ab Queen\u2019s award for international trade \u00bb en 2014 et en 2020.<\/p>\n<p>Chaque duffle-coat est fabriqu\u00e9 dans leur atelier londonien selon les demandes des clients mais toujours avec des mat\u00e9riaux rigoureusement s\u00e9lectionn\u00e9s et une exigence de finitions parfaites.<\/p>\n<hr \/>\n<p><a href=\"https:\/\/anterenn.com\/index.php\/collections\/chapellerie-echarpes\/\"><img loading=\"lazy\" decoding=\"async\" src=\"https:\/\/anterenn.com\/wp-content\/uploads\/2018\/09\/chapellerie-300x36.jpg\" alt=\"\" width=\"300\" height=\"36\" \/><\/a><\/p>\n<p><a href=\"https:\/\/anterenn.com\/index.php\/collections\/chapellerie-echarpes\/\"><img loading=\"lazy\" decoding=\"async\" src=\"https:\/\/anterenn.com\/wp-content\/uploads\/2018\/09\/4-echarpe-casquette-mucros-anterenn-mohair-alpaga-300x200.jpg\" alt=\"\" width=\"300\" height=\"200\" \/><\/a><\/p>\n<p>L\u2019Irlande est r\u00e9put\u00e9e pour ses tweeds en pure laine, nous vous proposons une s\u00e9lection de chapeaux, casquettes et \u00e9charpes confectionn\u00e9s et tiss\u00e9s de mani\u00e8re artisanale. Les mati\u00e8res toujours naturelles : laine d\u2019agneau, alpaga, cachemire, m\u00e9rinos, sont choisies soigneusement pour leur douceur et leur confort. Les \u00e9charpes et autres produits en tartan viennent d\u2019Ecosse.<\/p>\n","protected":false},"excerpt":{"rendered":"<p>Vente en gros de pulls Irlandais et v\u00eatements Britanniques&#8230; \u00a0 Sp\u00e9cialis\u00e9e en pulls irlandais v\u00e9ritables et maille en pure laine, Anterenn est une agence commerciale familiale situ\u00e9e en Bretagne sur la c\u00f4te des l\u00e9gendes. Depuis 2007 nous repr\u00e9sentons des ateliers de confection et de tricotage Irlandais, \u00c9cossais et Britanniques sur le territoire fran\u00e7ais. Nous mettons &hellip; <\/p>\n<p class=\"link-more\"><a href=\"https:\/\/anterenn.com\/\" class=\"more-link\">Continuer la lecture<span class=\"screen-reader-text\"> de &laquo;&nbsp;Accueil&nbsp;&raquo;<\/span><\/a><\/p>\n","protected":false},"author":1,"featured_media":0,"parent":0,"menu_order":0,"comment_status":"closed","ping_status":"closed","template":"","meta":{"footnotes":""},"class_list":["post-10","page","type-page","status-publish","hentry"],"_links":{"self":[{"href":"https:\/\/anterenn.com\/index.php\/wp-json\/wp\/v2\/pages\/10","targetHints":{"allow":["GET"]}}],"collection":[{"href":"https:\/\/anterenn.com\/index.php\/wp-json\/wp\/v2\/pages"}],"about":[{"href":"https:\/\/anterenn.com\/index.php\/wp-json\/wp\/v2\/types\/page"}],"author":[{"embeddable":true,"href":"https:\/\/anterenn.com\/index.php\/wp-json\/wp\/v2\/users\/1"}],"replies":[{"embeddable":true,"href":"https:\/\/anterenn.com\/index.php\/wp-json\/wp\/v2\/comments?post=10"}],"version-history":[{"count":47,"href":"https:\/\/anterenn.com\/index.php\/wp-json\/wp\/v2\/pages\/10\/revisions"}],"predecessor-version":[{"id":23061,"href":"https:\/\/anterenn.com\/index.php\/wp-json\/wp\/v2\/pages\/10\/revisions\/23061"}],"wp:attachment":[{"href":"https:\/\/anterenn.com\/index.php\/wp-json\/wp\/v2\/media?parent=10"}],"curies":[{"name":"wp","href":"https:\/\/api.w.org\/{rel}","templated":true}]}}